{"id":800,"date":"2017-04-17T14:21:59","date_gmt":"2017-04-17T14:21:59","guid":{"rendered":"https:\/\/wctldevnew.wpengine.com\/?page_id=800\/"},"modified":"2026-01-15T05:16:44","modified_gmt":"2026-01-15T11:16:44","slug":"por-que-wctl","status":"publish","type":"page","link":"https:\/\/westcoastemploymentlawyers.com\/es\/por-que-wctl\/","title":{"rendered":"Porque WCEL?"},"content":{"rendered":"<h2 style=\"font-size: 40px; margin-bottom: 15px; color: #464646;\">Lo Que Representamos<\/h2>\n<p>En <span style=\"font-weight: 400;\">West Coast Employment Lawyers<\/span>, creemos que todos tienen derecho a la justicia. Representamos a clientes de todos los \u00e1mbitos de la vida que han sido v\u00edctimas de pr\u00e1cticas de empleo ilegales. Si las corporaciones ricas pudieran contratar a los mejores y m\u00e1s brillantes abogados, el sistema de justicia se vendr\u00eda abajo. Al responsabilizar a los empleadores por acciones ilegales, discriminatorias y represalias, garantizamos la justicia para nuestros clientes y hacemos del mundo un lugar m\u00e1s seguro y productivo para todos. Debido a que creemos firmemente en nuestros clientes y en sus casos, trabajamos sobre una base de honorarios de contingencia. No paga honorarios de abogado hasta que resolvamos o ganemos su caso.<\/p>\n<p data-pm-slice=\"1 1 []\">Si cree que su empleador actual o anterior le ha hecho da\u00f1o, podemos ayudarle. <a href=\"tel:[wctl_phone_number]\">Llame hoy a West Coast Employment Lawyers<\/a><\/p>\n","protected":false},"excerpt":{"rendered":"<p>Lo Que Representamos En West Coast Employment Lawyers, creemos que todos tienen derecho a la justicia. Representamos a clientes de todos los \u00e1mbitos de la vida que han sido v\u00edctimas de pr\u00e1cticas de empleo ilegales. Si las corporaciones ricas pudieran contratar a los mejores y m\u00e1s brillantes abogados, el sistema de justicia se vendr\u00eda abajo. [&hellip;]<\/p>\n","protected":false},"author":34,"featured_media":9179,"parent":0,"menu_order":38,"comment_status":"closed","ping_status":"closed","template":"","meta":{"footnotes":""},"class_list":["post-800","page","type-page","status-publish","has-post-thumbnail","hentry"],"acf":[],"yoast_head":"<!-- This site is optimized with the Yoast SEO Premium plugin v26.9 (Yoast SEO v27.3) - https:\/\/yoast.com\/product\/yoast-seo-premium-wordpress\/ -->\n<title>Porque WCEL | West Coast Employment Lawyers<\/title>\n<meta name=\"description\" content=\"\u00bfLesionado en un accidente? Conozca por qu\u00e9 nuestros clientes escogen West Coast Trial Lawyers para representar sus casos de lesiones personales.\" \/>\n<meta name=\"robots\" content=\"index, follow, max-snippet:-1, max-image-preview:large, max-video-preview:-1\" \/>\n<link rel=\"canonical\" href=\"https:\/\/westcoastemploymentlawyers.com\/es\/por-que-wctl\/\" \/>\n<meta property=\"og:locale\" content=\"es_ES\" \/>\n<meta property=\"og:type\" content=\"article\" \/>\n<meta property=\"og:title\" content=\"Porque WCEL?\" \/>\n<meta property=\"og:description\" content=\"\u00bfLesionado en un accidente? Conozca por qu\u00e9 nuestros clientes escogen West Coast Trial Lawyers para representar sus casos de lesiones personales.\" \/>\n<meta property=\"og:url\" content=\"https:\/\/westcoastemploymentlawyers.com\/es\/por-que-wctl\/\" \/>\n<meta property=\"og:site_name\" content=\"West Coast Employment Lawyers\" \/>\n<meta property=\"article:publisher\" content=\"https:\/\/www.facebook.com\/westcoastemploymentlawyers\" \/>\n<meta property=\"article:modified_time\" content=\"2026-01-15T11:16:44+00:00\" \/>\n<meta property=\"og:image\" content=\"https:\/\/westcoastemploymentlawyers.com\/wp-content\/uploads\/2018\/10\/banner1-1.jpg\" \/>\n\t<meta property=\"og:image:width\" content=\"1000\" \/>\n\t<meta property=\"og:image:height\" content=\"500\" \/>\n\t<meta property=\"og:image:type\" content=\"image\/jpeg\" \/>\n<meta name=\"twitter:label1\" content=\"Tiempo de lectura\" \/>\n\t<meta name=\"twitter:data1\" content=\"1 minuto\" \/>\n<script type=\"application\/ld+json\" class=\"yoast-schema-graph\">{\"@context\":\"https:\\\/\\\/schema.org\",\"@graph\":[{\"@type\":[\"WebPage\",\"ItemPage\"],\"@id\":\"https:\\\/\\\/westcoastemploymentlawyers.com\\\/es\\\/por-que-wctl\\\/\",\"url\":\"https:\\\/\\\/westcoastemploymentlawyers.com\\\/es\\\/por-que-wctl\\\/\",\"name\":\"Porque WCEL | West Coast Employment Lawyers\",\"isPartOf\":{\"@id\":\"https:\\\/\\\/westcoastemploymentlawyers.com\\\/es\\\/#website\"},\"primaryImageOfPage\":{\"@id\":\"https:\\\/\\\/westcoastemploymentlawyers.com\\\/es\\\/por-que-wctl\\\/#primaryimage\"},\"image\":{\"@id\":\"https:\\\/\\\/westcoastemploymentlawyers.com\\\/es\\\/por-que-wctl\\\/#primaryimage\"},\"thumbnailUrl\":\"https:\\\/\\\/westcoastemploymentlawyers.com\\\/wp-content\\\/uploads\\\/2018\\\/10\\\/banner1-1.jpg\",\"datePublished\":\"2017-04-17T14:21:59+00:00\",\"dateModified\":\"2026-01-15T11:16:44+00:00\",\"description\":\"\u00bfLesionado en un accidente? Conozca por qu\u00e9 nuestros clientes escogen West Coast Trial Lawyers para representar sus casos de lesiones personales.\",\"breadcrumb\":{\"@id\":\"https:\\\/\\\/westcoastemploymentlawyers.com\\\/es\\\/por-que-wctl\\\/#breadcrumb\"},\"inLanguage\":\"es\",\"potentialAction\":[{\"@type\":\"ReadAction\",\"target\":[\"https:\\\/\\\/westcoastemploymentlawyers.com\\\/es\\\/por-que-wctl\\\/\"]}]},{\"@type\":\"ImageObject\",\"inLanguage\":\"es\",\"@id\":\"https:\\\/\\\/westcoastemploymentlawyers.com\\\/es\\\/por-que-wctl\\\/#primaryimage\",\"url\":\"https:\\\/\\\/westcoastemploymentlawyers.com\\\/wp-content\\\/uploads\\\/2018\\\/10\\\/banner1-1.jpg\",\"contentUrl\":\"https:\\\/\\\/westcoastemploymentlawyers.com\\\/wp-content\\\/uploads\\\/2018\\\/10\\\/banner1-1.jpg\",\"width\":1000,\"height\":500},{\"@type\":\"BreadcrumbList\",\"@id\":\"https:\\\/\\\/westcoastemploymentlawyers.com\\\/es\\\/por-que-wctl\\\/#breadcrumb\",\"itemListElement\":[{\"@type\":\"ListItem\",\"position\":1,\"name\":\"Home\",\"item\":\"https:\\\/\\\/westcoastemploymentlawyers.com\\\/es\\\/\"},{\"@type\":\"ListItem\",\"position\":2,\"name\":\"Porque WCEL?\"}]},{\"@type\":\"WebSite\",\"@id\":\"https:\\\/\\\/westcoastemploymentlawyers.com\\\/es\\\/#website\",\"url\":\"https:\\\/\\\/westcoastemploymentlawyers.com\\\/es\\\/\",\"name\":\"West Coast Employment Lawyers\",\"description\":\"Ranked #1 Employment Law Firm in Los Angeles\",\"publisher\":{\"@id\":\"https:\\\/\\\/westcoastemploymentlawyers.com\\\/es\\\/#organization\"},\"alternateName\":\"WCEL\",\"potentialAction\":[{\"@type\":\"SearchAction\",\"target\":{\"@type\":\"EntryPoint\",\"urlTemplate\":\"https:\\\/\\\/westcoastemploymentlawyers.com\\\/es\\\/?s={search_term_string}\"},\"query-input\":{\"@type\":\"PropertyValueSpecification\",\"valueRequired\":true,\"valueName\":\"search_term_string\"}}],\"inLanguage\":\"es\"},{\"@type\":\"Organization\",\"@id\":\"https:\\\/\\\/westcoastemploymentlawyers.com\\\/es\\\/#organization\",\"name\":\"West Coast Employment Lawyers\",\"alternateName\":\"WCEL\",\"url\":\"https:\\\/\\\/westcoastemploymentlawyers.com\\\/es\\\/\",\"logo\":{\"@type\":\"ImageObject\",\"inLanguage\":\"es\",\"@id\":\"https:\\\/\\\/westcoastemploymentlawyers.com\\\/es\\\/#\\\/schema\\\/logo\\\/image\\\/\",\"url\":\"https:\\\/\\\/westcoastemploymentlawyers.com\\\/wp-content\\\/uploads\\\/2026\\\/01\\\/logo-wcel.svg\",\"contentUrl\":\"https:\\\/\\\/westcoastemploymentlawyers.com\\\/wp-content\\\/uploads\\\/2026\\\/01\\\/logo-wcel.svg\",\"width\":2149,\"height\":1191,\"caption\":\"West Coast Employment Lawyers\"},\"image\":{\"@id\":\"https:\\\/\\\/westcoastemploymentlawyers.com\\\/es\\\/#\\\/schema\\\/logo\\\/image\\\/\"},\"sameAs\":[\"https:\\\/\\\/www.facebook.com\\\/westcoastemploymentlawyers\",\"https:\\\/\\\/x.com\\\/WestCoastTrial\",\"https:\\\/\\\/www.yelp.com\\\/biz\\\/west-coast-employment-lawyers-los-angeles-2\",\"https:\\\/\\\/www.instagram.com\\\/westcoastemploymentlawyer\\\/\",\"https:\\\/\\\/www.youtube.com\\\/channel\\\/UCq1vPkTbMm61tWdRrLsygdw\"],\"description\":\"West Coast Employment Lawyers is a California employment law firm that represents workers in a wide range of labor and employment disputes, including wrongful termination, workplace discrimination, sexual harassment, retaliation, whistleblower claims, and wage and hour violations. The firm is committed to protecting employee rights, advocating for fair treatment in the workplace, and pursuing maximum compensation for individuals harmed by unlawful employment practices throughout California.\",\"telephone\":\"866-540-6682\",\"legalName\":\"West Coast Employment Lawyers\",\"numberOfEmployees\":{\"@type\":\"QuantitativeValue\",\"minValue\":\"51\",\"maxValue\":\"200\"}}]}<\/script>\n<!-- \/ Yoast SEO Premium plugin. -->","yoast_head_json":{"title":"Porque WCEL | West Coast Employment Lawyers","description":"\u00bfLesionado en un accidente? Conozca por qu\u00e9 nuestros clientes escogen West Coast Trial Lawyers para representar sus casos de lesiones personales.","robots":{"index":"index","follow":"follow","max-snippet":"max-snippet:-1","max-image-preview":"max-image-preview:large","max-video-preview":"max-video-preview:-1"},"canonical":"https:\/\/westcoastemploymentlawyers.com\/es\/por-que-wctl\/","og_locale":"es_ES","og_type":"article","og_title":"Porque WCEL?","og_description":"\u00bfLesionado en un accidente? Conozca por qu\u00e9 nuestros clientes escogen West Coast Trial Lawyers para representar sus casos de lesiones personales.","og_url":"https:\/\/westcoastemploymentlawyers.com\/es\/por-que-wctl\/","og_site_name":"West Coast Employment Lawyers","article_publisher":"https:\/\/www.facebook.com\/westcoastemploymentlawyers","article_modified_time":"2026-01-15T11:16:44+00:00","og_image":[{"width":1000,"height":500,"url":"https:\/\/westcoastemploymentlawyers.com\/wp-content\/uploads\/2018\/10\/banner1-1.jpg","type":"image\/jpeg"}],"twitter_misc":{"Tiempo de lectura":"1 minuto"},"schema":{"@context":"https:\/\/schema.org","@graph":[{"@type":["WebPage","ItemPage"],"@id":"https:\/\/westcoastemploymentlawyers.com\/es\/por-que-wctl\/","url":"https:\/\/westcoastemploymentlawyers.com\/es\/por-que-wctl\/","name":"Porque WCEL | West Coast Employment Lawyers","isPartOf":{"@id":"https:\/\/westcoastemploymentlawyers.com\/es\/#website"},"primaryImageOfPage":{"@id":"https:\/\/westcoastemploymentlawyers.com\/es\/por-que-wctl\/#primaryimage"},"image":{"@id":"https:\/\/westcoastemploymentlawyers.com\/es\/por-que-wctl\/#primaryimage"},"thumbnailUrl":"https:\/\/westcoastemploymentlawyers.com\/wp-content\/uploads\/2018\/10\/banner1-1.jpg","datePublished":"2017-04-17T14:21:59+00:00","dateModified":"2026-01-15T11:16:44+00:00","description":"\u00bfLesionado en un accidente? Conozca por qu\u00e9 nuestros clientes escogen West Coast Trial Lawyers para representar sus casos de lesiones personales.","breadcrumb":{"@id":"https:\/\/westcoastemploymentlawyers.com\/es\/por-que-wctl\/#breadcrumb"},"inLanguage":"es","potentialAction":[{"@type":"ReadAction","target":["https:\/\/westcoastemploymentlawyers.com\/es\/por-que-wctl\/"]}]},{"@type":"ImageObject","inLanguage":"es","@id":"https:\/\/westcoastemploymentlawyers.com\/es\/por-que-wctl\/#primaryimage","url":"https:\/\/westcoastemploymentlawyers.com\/wp-content\/uploads\/2018\/10\/banner1-1.jpg","contentUrl":"https:\/\/westcoastemploymentlawyers.com\/wp-content\/uploads\/2018\/10\/banner1-1.jpg","width":1000,"height":500},{"@type":"BreadcrumbList","@id":"https:\/\/westcoastemploymentlawyers.com\/es\/por-que-wctl\/#breadcrumb","itemListElement":[{"@type":"ListItem","position":1,"name":"Home","item":"https:\/\/westcoastemploymentlawyers.com\/es\/"},{"@type":"ListItem","position":2,"name":"Porque WCEL?"}]},{"@type":"WebSite","@id":"https:\/\/westcoastemploymentlawyers.com\/es\/#website","url":"https:\/\/westcoastemploymentlawyers.com\/es\/","name":"West Coast Employment Lawyers","description":"Ranked #1 Employment Law Firm in Los Angeles","publisher":{"@id":"https:\/\/westcoastemploymentlawyers.com\/es\/#organization"},"alternateName":"WCEL","potentialAction":[{"@type":"SearchAction","target":{"@type":"EntryPoint","urlTemplate":"https:\/\/westcoastemploymentlawyers.com\/es\/?s={search_term_string}"},"query-input":{"@type":"PropertyValueSpecification","valueRequired":true,"valueName":"search_term_string"}}],"inLanguage":"es"},{"@type":"Organization","@id":"https:\/\/westcoastemploymentlawyers.com\/es\/#organization","name":"West Coast Employment Lawyers","alternateName":"WCEL","url":"https:\/\/westcoastemploymentlawyers.com\/es\/","logo":{"@type":"ImageObject","inLanguage":"es","@id":"https:\/\/westcoastemploymentlawyers.com\/es\/#\/schema\/logo\/image\/","url":"https:\/\/westcoastemploymentlawyers.com\/wp-content\/uploads\/2026\/01\/logo-wcel.svg","contentUrl":"https:\/\/westcoastemploymentlawyers.com\/wp-content\/uploads\/2026\/01\/logo-wcel.svg","width":2149,"height":1191,"caption":"West Coast Employment Lawyers"},"image":{"@id":"https:\/\/westcoastemploymentlawyers.com\/es\/#\/schema\/logo\/image\/"},"sameAs":["https:\/\/www.facebook.com\/westcoastemploymentlawyers","https:\/\/x.com\/WestCoastTrial","https:\/\/www.yelp.com\/biz\/west-coast-employment-lawyers-los-angeles-2","https:\/\/www.instagram.com\/westcoastemploymentlawyer\/","https:\/\/www.youtube.com\/channel\/UCq1vPkTbMm61tWdRrLsygdw"],"description":"West Coast Employment Lawyers is a California employment law firm that represents workers in a wide range of labor and employment disputes, including wrongful termination, workplace discrimination, sexual harassment, retaliation, whistleblower claims, and wage and hour violations. The firm is committed to protecting employee rights, advocating for fair treatment in the workplace, and pursuing maximum compensation for individuals harmed by unlawful employment practices throughout California.","telephone":"866-540-6682","legalName":"West Coast Employment Lawyers","numberOfEmployees":{"@type":"QuantitativeValue","minValue":"51","maxValue":"200"}}]}},"_links":{"self":[{"href":"https:\/\/westcoastemploymentlawyers.com\/es\/wp-json\/wp\/v2\/pages\/800","targetHints":{"allow":["GET"]}}],"collection":[{"href":"https:\/\/westcoastemploymentlawyers.com\/es\/wp-json\/wp\/v2\/pages"}],"about":[{"href":"https:\/\/westcoastemploymentlawyers.com\/es\/wp-json\/wp\/v2\/types\/page"}],"author":[{"embeddable":true,"href":"https:\/\/westcoastemploymentlawyers.com\/es\/wp-json\/wp\/v2\/users\/34"}],"replies":[{"embeddable":true,"href":"https:\/\/westcoastemploymentlawyers.com\/es\/wp-json\/wp\/v2\/comments?post=800"}],"version-history":[{"count":1,"href":"https:\/\/westcoastemploymentlawyers.com\/es\/wp-json\/wp\/v2\/pages\/800\/revisions"}],"predecessor-version":[{"id":45568,"href":"https:\/\/westcoastemploymentlawyers.com\/es\/wp-json\/wp\/v2\/pages\/800\/revisions\/45568"}],"wp:featuredmedia":[{"embeddable":true,"href":"https:\/\/westcoastemploymentlawyers.com\/es\/wp-json\/wp\/v2\/media\/9179"}],"wp:attachment":[{"href":"https:\/\/westcoastemploymentlawyers.com\/es\/wp-json\/wp\/v2\/media?parent=800"}],"curies":[{"name":"wp","href":"https:\/\/api.w.org\/{rel}","templated":true}]}}