{"id":10244,"date":"2023-03-28T17:55:46","date_gmt":"2023-03-28T23:55:46","guid":{"rendered":"https:\/\/wcelprod.wpengine.com\/?page_id=10244"},"modified":"2026-01-15T05:24:20","modified_gmt":"2026-01-15T11:24:20","slug":"politica-de-privacidad","status":"publish","type":"page","link":"https:\/\/westcoastemploymentlawyers.com\/es\/politica-de-privacidad\/","title":{"rendered":"Pol\u00edtica de privacidad"},"content":{"rendered":"\t\t<div data-elementor-type=\"wp-page\" data-elementor-id=\"10244\" class=\"elementor elementor-10244 elementor-7893\" data-elementor-post-type=\"page\">\n\t\t\t\t<div class=\"elementor-element elementor-element-322a0670 e-flex e-con-boxed e-con e-parent\" data-id=\"322a0670\" data-element_type=\"container\" data-e-type=\"container\">\n\t\t\t\t\t<div class=\"e-con-inner\">\n\t\t\t\t<div class=\"elementor-element elementor-element-1f63b7e elementor-widget elementor-widget-text-editor\" data-id=\"1f63b7e\" data-element_type=\"widget\" data-e-type=\"widget\" data-widget_type=\"text-editor.default\">\n\t\t\t\t<div class=\"elementor-widget-container\">\n\t\t\t\t\t\t\t\t\t<h3>Recogida, uso e intercambio de informaci\u00f3n<\/h3><p><span style=\"font-weight: 400;\">Si utilizas voluntariamente uno de los formularios de entrada de este sitio web para proporcionarnos tu informaci\u00f3n personal, incluyendo, sin limitaci\u00f3n, tu nombre, tu direcci\u00f3n f\u00edsica o de correo electr\u00f3nico, y tu n\u00famero de tel\u00e9fono, almacenaremos esa informaci\u00f3n en servidores en nuestra ubicaci\u00f3n o en un entorno de servidor seguro remoto. Podemos utilizar esa informaci\u00f3n para ponernos en contacto contigo, pero no venderemos ni revelaremos esa informaci\u00f3n a terceros. <\/span><\/p><p><span style=\"font-weight: 400;\">Tambi\u00e9n nos asociamos con una red publicitaria de terceros que utiliza cookies y balizas web para recopilar informaci\u00f3n no identificable personalmente sobre tus actividades en este y otros sitios web. Esa informaci\u00f3n puede incluir, por ejemplo, la direcci\u00f3n del protocolo de Internet (IP) del ordenador o dispositivo que utilizaste para acceder a nuestro sitio web, informaci\u00f3n general sobre la ubicaci\u00f3n f\u00edsica de ese ordenador o dispositivo, informaci\u00f3n t\u00e9cnica sobre tu navegador o proveedor de servicios de Internet y las p\u00e1ginas de nuestro sitio web que visitaste. Esa informaci\u00f3n puede utilizarse para ofrecerte publicidad espec\u00edfica basada en tus intereses. Si no deseas que se utilice esta informaci\u00f3n para ofrecerte publicidad dirigida, puedes excluirte haciendo clic aqu\u00ed (Enlace a la exclusi\u00f3n global de TRUSTe: <\/span><a href=\"http:\/\/preferences-mgr.truste.com\/\"><span style=\"font-weight: 400;\">http:\/\/preferences.truste.com\/<\/span><\/a><span style=\"font-weight: 400;\">). Ten en cuenta que la exclusi\u00f3n no detendr\u00e1 toda la publicidad y que seguir\u00e1s recibiendo anuncios gen\u00e9ricos.<\/span><\/p><p><span style=\"font-weight: 400;\">Nos reservamos el derecho a cambiar esta pol\u00edtica de privacidad en cualquier momento, en cuyo caso publicaremos aqu\u00ed cualquier cambio. Te recomendamos que revises nuestra Pol\u00edtica de privacidad con frecuencia para conocer cualquier cambio y para ajustar tu propia configuraci\u00f3n de privacidad en consecuencia. Agradeceremos en todo momento tus comentarios y preguntas sobre nuestra Pol\u00edtica de Privacidad. Adem\u00e1s, si nos lo solicitas, corregiremos o eliminaremos r\u00e1pidamente toda o parte de tu informaci\u00f3n de nuestros servidores.   <\/span><\/p><h3>Condiciones de uso<\/h3><p><span style=\"font-weight: 400;\">Cuando accedes a nuestro sitio web, est\u00e1s aceptando autom\u00e1ticamente nuestra Pol\u00edtica de privacidad y los dem\u00e1s t\u00e9rminos, condiciones y disposiciones aqu\u00ed establecidos. Espec\u00edficamente, y sin limitaci\u00f3n: <\/span><\/p><p><i><span style=\"font-weight: 400;\">Derechos de autor<\/span><\/i><\/p><p><span style=\"font-weight: 400;\">A menos que se indique lo contrario, West Coast Employment Lawyers posee los derechos de autor de todo el material tangible de este sitio web. Proporcionamos esta informaci\u00f3n s\u00f3lo para tu informaci\u00f3n y educaci\u00f3n. No est\u00e1s autorizado a utilizar, reproducir, alterar o difundir estos materiales sin nuestro consentimiento expreso por escrito.  <\/span><\/p><p><i><span style=\"font-weight: 400;\">Sin garant\u00eda<\/span><\/i><\/p><p><span style=\"font-weight: 400;\">Nada de lo contenido en este sitio web pretende ser una garant\u00eda de que aceptaremos representarte en cualquier asunto que nos plantees. No ofrecemos ninguna garant\u00eda de que la informaci\u00f3n de este sitio web refleje la declaraci\u00f3n actual, completa o precisa de ninguna ley o procedimiento legal. Nos reservamos el derecho exclusivo y absoluto de cambiar, complementar, modificar y actualizar esta informaci\u00f3n en cualquier momento y sin previo aviso.  <\/span><\/p><p><i><span style=\"font-weight: 400;\">Sin respaldo<\/span><\/i><\/p><p><span style=\"font-weight: 400;\">Al acceder a nuestro sitio web, tambi\u00e9n reconoces y aceptas que este sitio web puede contener enlaces a otros sitios web. Proporcionamos estos enlaces s\u00f3lo para tu comodidad, y no respaldamos ni aprobamos ninguna opini\u00f3n o contenido de esos sitios web enlazados. En caso de que accedas a uno de esos sitios web enlazados, declinamos toda responsabilidad por el uso que esos sitios hagan de tu informaci\u00f3n.  <\/span><\/p><p><i><span style=\"font-weight: 400;\">Seguridad<\/span><\/i><\/p><p><span style=\"font-weight: 400;\">Utilizamos la encriptaci\u00f3n y otras metodolog\u00edas de seguridad para proteger la informaci\u00f3n que nos proporcionas. Te recomendamos encarecidamente que no nos env\u00edes ninguna informaci\u00f3n si no es a trav\u00e9s de redes seguras y con la encriptaci\u00f3n adecuada. Aceptas que asumes todos los riesgos de divulgaci\u00f3n si decides enviarnos informaci\u00f3n al margen de las protecciones de seguridad adecuadas.  <\/span><\/p><p><i><span style=\"font-weight: 400;\">Ley de California<\/span><\/i><\/p><p><span style=\"font-weight: 400;\">Los abogados de West Coast Employment Lawyers est\u00e1n autorizados para ejercer la abogac\u00eda en el Estado de California. A menos que se indique lo contrario, las opiniones y an\u00e1lisis de la informaci\u00f3n de este sitio web reflejan los efectos e impactos de las leyes del Estado de California. Tu uso y acceso a este sitio web se rigen por la legislaci\u00f3n de California.  <\/span><\/p><p><i><span style=\"font-weight: 400;\">Enmienda<\/span><\/i><\/p><p><span style=\"font-weight: 400;\">Al igual que con nuestra Pol\u00edtica de privacidad espec\u00edfica, nos reservamos el derecho a cambiar estos t\u00e9rminos y condiciones en cualquier momento, en cuyo caso publicaremos aqu\u00ed cualquier cambio.<\/span><\/p><h3>Descargo de responsabilidad<\/h3><p><span style=\"font-weight: 400;\">Ninguno de los materiales o informaci\u00f3n de este sitio web pretende expresar o constituir asesoramiento jur\u00eddico. Adem\u00e1s, estos materiales e informaci\u00f3n no deben interpretarse como sustitutivos del asesoramiento jur\u00eddico de un abogado autorizado para ejercer la abogac\u00eda en el Estado de California o en cualquier otra jurisdicci\u00f3n. <\/span><\/p><p><span style=\"font-weight: 400;\">Tu uso de este sitio web no crea una relaci\u00f3n abogado-cliente ni ninguna promesa o representaci\u00f3n de que se formar\u00e1 una relaci\u00f3n abogado-cliente. Te convertir\u00e1s en cliente de West Coast Employment Lawyers y se crear\u00e1 una relaci\u00f3n abogado-cliente s\u00f3lo despu\u00e9s de que hayamos acordado expl\u00edcitamente representarte en uno o m\u00e1s asuntos legales espec\u00edficos y t\u00fa y West Coast Employment Lawyers hay\u00e1is firmado un acuerdo de representaci\u00f3n por escrito. Nos reservamos el derecho y la discreci\u00f3n \u00fanicos y absolutos de negarnos a representarte.  <\/span><\/p>\t\t\t\t\t\t\t\t<\/div>\n\t\t\t\t<\/div>\n\t\t\t\t\t<\/div>\n\t\t\t\t<\/div>\n\t\t\t\t<\/div>\n\t\t","protected":false},"excerpt":{"rendered":"<p>Recogida, uso e intercambio de informaci\u00f3n Si utilizas voluntariamente uno de los formularios de entrada de este sitio web para proporcionarnos tu informaci\u00f3n personal, incluyendo, sin limitaci\u00f3n, tu nombre, tu direcci\u00f3n f\u00edsica o de correo electr\u00f3nico, y tu n\u00famero de tel\u00e9fono, almacenaremos esa informaci\u00f3n en servidores en nuestra ubicaci\u00f3n o en un entorno de servidor [&hellip;]<\/p>\n","protected":false},"author":34,"featured_media":0,"parent":0,"menu_order":0,"comment_status":"closed","ping_status":"closed","template":"","meta":{"footnotes":""},"class_list":["post-10244","page","type-page","status-publish","hentry"],"acf":[],"yoast_head":"<!-- This site is optimized with the Yoast SEO Premium plugin v26.9 (Yoast SEO v27.4) - https:\/\/yoast.com\/product\/yoast-seo-premium-wordpress\/ -->\n<title>Pol\u00edtica de privacidad | West Coast Employment Lawyers<\/title>\n<meta name=\"robots\" content=\"index, follow, max-snippet:-1, max-image-preview:large, max-video-preview:-1\" \/>\n<link rel=\"canonical\" href=\"https:\/\/westcoastemploymentlawyers.com\/es\/politica-de-privacidad\/\" \/>\n<meta property=\"og:locale\" content=\"es_ES\" \/>\n<meta property=\"og:type\" content=\"article\" \/>\n<meta property=\"og:title\" content=\"Pol\u00edtica de privacidad\" \/>\n<meta property=\"og:description\" content=\"Recogida, uso e intercambio de informaci\u00f3n Si utilizas voluntariamente uno de los formularios de entrada de este sitio web para proporcionarnos tu informaci\u00f3n personal, incluyendo, sin limitaci\u00f3n, tu nombre, tu direcci\u00f3n f\u00edsica o de correo electr\u00f3nico, y tu n\u00famero de tel\u00e9fono, almacenaremos esa informaci\u00f3n en servidores en nuestra ubicaci\u00f3n o en un entorno de servidor [&hellip;]\" \/>\n<meta property=\"og:url\" content=\"https:\/\/westcoastemploymentlawyers.com\/es\/politica-de-privacidad\/\" \/>\n<meta property=\"og:site_name\" content=\"West Coast Employment Lawyers\" \/>\n<meta property=\"article:publisher\" content=\"https:\/\/www.facebook.com\/westcoastemploymentlawyers\" \/>\n<meta property=\"article:modified_time\" content=\"2026-01-15T11:24:20+00:00\" \/>\n<meta property=\"og:image\" content=\"https:\/\/westcoastemploymentlawyers.com\/wp-content\/uploads\/2026\/02\/WCEL-Logo-1200x675-1.jpg\" \/>\n\t<meta property=\"og:image:width\" content=\"1200\" \/>\n\t<meta property=\"og:image:height\" content=\"675\" \/>\n\t<meta property=\"og:image:type\" content=\"image\/jpeg\" \/>\n<meta name=\"twitter:label1\" content=\"Tiempo de lectura\" \/>\n\t<meta name=\"twitter:data1\" content=\"4 minutos\" \/>\n<script type=\"application\/ld+json\" class=\"yoast-schema-graph\">{\"@context\":\"https:\\\/\\\/schema.org\",\"@graph\":[{\"@type\":[\"WebPage\",\"ItemPage\"],\"@id\":\"https:\\\/\\\/westcoastemploymentlawyers.com\\\/es\\\/politica-de-privacidad\\\/\",\"url\":\"https:\\\/\\\/westcoastemploymentlawyers.com\\\/es\\\/politica-de-privacidad\\\/\",\"name\":\"Pol\u00edtica de privacidad | West Coast Employment Lawyers\",\"isPartOf\":{\"@id\":\"https:\\\/\\\/westcoastemploymentlawyers.com\\\/es\\\/#website\"},\"datePublished\":\"2023-03-28T23:55:46+00:00\",\"dateModified\":\"2026-01-15T11:24:20+00:00\",\"breadcrumb\":{\"@id\":\"https:\\\/\\\/westcoastemploymentlawyers.com\\\/es\\\/politica-de-privacidad\\\/#breadcrumb\"},\"inLanguage\":\"es\",\"potentialAction\":[{\"@type\":\"ReadAction\",\"target\":[\"https:\\\/\\\/westcoastemploymentlawyers.com\\\/es\\\/politica-de-privacidad\\\/\"]}]},{\"@type\":\"BreadcrumbList\",\"@id\":\"https:\\\/\\\/westcoastemploymentlawyers.com\\\/es\\\/politica-de-privacidad\\\/#breadcrumb\",\"itemListElement\":[{\"@type\":\"ListItem\",\"position\":1,\"name\":\"Home\",\"item\":\"https:\\\/\\\/westcoastemploymentlawyers.com\\\/es\\\/\"},{\"@type\":\"ListItem\",\"position\":2,\"name\":\"Pol\u00edtica de privacidad\"}]},{\"@type\":\"WebSite\",\"@id\":\"https:\\\/\\\/westcoastemploymentlawyers.com\\\/es\\\/#website\",\"url\":\"https:\\\/\\\/westcoastemploymentlawyers.com\\\/es\\\/\",\"name\":\"West Coast Employment Lawyers\",\"description\":\"Ranked #1 Employment Law Firm in Los Angeles\",\"publisher\":{\"@id\":\"https:\\\/\\\/westcoastemploymentlawyers.com\\\/es\\\/#organization\"},\"alternateName\":\"WCEL\",\"potentialAction\":[{\"@type\":\"SearchAction\",\"target\":{\"@type\":\"EntryPoint\",\"urlTemplate\":\"https:\\\/\\\/westcoastemploymentlawyers.com\\\/es\\\/?s={search_term_string}\"},\"query-input\":{\"@type\":\"PropertyValueSpecification\",\"valueRequired\":true,\"valueName\":\"search_term_string\"}}],\"inLanguage\":\"es\"},{\"@type\":\"Organization\",\"@id\":\"https:\\\/\\\/westcoastemploymentlawyers.com\\\/es\\\/#organization\",\"name\":\"West Coast Employment Lawyers\",\"alternateName\":\"WCEL\",\"url\":\"https:\\\/\\\/westcoastemploymentlawyers.com\\\/es\\\/\",\"logo\":{\"@type\":\"ImageObject\",\"inLanguage\":\"es\",\"@id\":\"https:\\\/\\\/westcoastemploymentlawyers.com\\\/es\\\/#\\\/schema\\\/logo\\\/image\\\/\",\"url\":\"https:\\\/\\\/westcoastemploymentlawyers.com\\\/wp-content\\\/uploads\\\/2026\\\/01\\\/logo-wcel.svg\",\"contentUrl\":\"https:\\\/\\\/westcoastemploymentlawyers.com\\\/wp-content\\\/uploads\\\/2026\\\/01\\\/logo-wcel.svg\",\"width\":2149,\"height\":1191,\"caption\":\"West Coast Employment Lawyers\"},\"image\":{\"@id\":\"https:\\\/\\\/westcoastemploymentlawyers.com\\\/es\\\/#\\\/schema\\\/logo\\\/image\\\/\"},\"sameAs\":[\"https:\\\/\\\/www.facebook.com\\\/westcoastemploymentlawyers\",\"https:\\\/\\\/x.com\\\/WestCoastTrial\",\"https:\\\/\\\/www.yelp.com\\\/biz\\\/west-coast-employment-lawyers-los-angeles-2\",\"https:\\\/\\\/www.instagram.com\\\/westcoastemploymentlawyer\\\/\",\"https:\\\/\\\/www.youtube.com\\\/channel\\\/UCq1vPkTbMm61tWdRrLsygdw\"],\"description\":\"West Coast Employment Lawyers is a California employment law firm that represents workers in a wide range of labor and employment disputes, including wrongful termination, workplace discrimination, sexual harassment, retaliation, whistleblower claims, and wage and hour violations. The firm is committed to protecting employee rights, advocating for fair treatment in the workplace, and pursuing maximum compensation for individuals harmed by unlawful employment practices throughout California.\",\"telephone\":\"866-540-6682\",\"legalName\":\"West Coast Employment Lawyers\",\"numberOfEmployees\":{\"@type\":\"QuantitativeValue\",\"minValue\":\"51\",\"maxValue\":\"200\"}}]}<\/script>\n<!-- \/ Yoast SEO Premium plugin. -->","yoast_head_json":{"title":"Pol\u00edtica de privacidad | West Coast Employment Lawyers","robots":{"index":"index","follow":"follow","max-snippet":"max-snippet:-1","max-image-preview":"max-image-preview:large","max-video-preview":"max-video-preview:-1"},"canonical":"https:\/\/westcoastemploymentlawyers.com\/es\/politica-de-privacidad\/","og_locale":"es_ES","og_type":"article","og_title":"Pol\u00edtica de privacidad","og_description":"Recogida, uso e intercambio de informaci\u00f3n Si utilizas voluntariamente uno de los formularios de entrada de este sitio web para proporcionarnos tu informaci\u00f3n personal, incluyendo, sin limitaci\u00f3n, tu nombre, tu direcci\u00f3n f\u00edsica o de correo electr\u00f3nico, y tu n\u00famero de tel\u00e9fono, almacenaremos esa informaci\u00f3n en servidores en nuestra ubicaci\u00f3n o en un entorno de servidor [&hellip;]","og_url":"https:\/\/westcoastemploymentlawyers.com\/es\/politica-de-privacidad\/","og_site_name":"West Coast Employment Lawyers","article_publisher":"https:\/\/www.facebook.com\/westcoastemploymentlawyers","article_modified_time":"2026-01-15T11:24:20+00:00","og_image":[{"width":1200,"height":675,"url":"https:\/\/westcoastemploymentlawyers.com\/wp-content\/uploads\/2026\/02\/WCEL-Logo-1200x675-1.jpg","type":"image\/jpeg"}],"twitter_misc":{"Tiempo de lectura":"4 minutos"},"schema":{"@context":"https:\/\/schema.org","@graph":[{"@type":["WebPage","ItemPage"],"@id":"https:\/\/westcoastemploymentlawyers.com\/es\/politica-de-privacidad\/","url":"https:\/\/westcoastemploymentlawyers.com\/es\/politica-de-privacidad\/","name":"Pol\u00edtica de privacidad | West Coast Employment Lawyers","isPartOf":{"@id":"https:\/\/westcoastemploymentlawyers.com\/es\/#website"},"datePublished":"2023-03-28T23:55:46+00:00","dateModified":"2026-01-15T11:24:20+00:00","breadcrumb":{"@id":"https:\/\/westcoastemploymentlawyers.com\/es\/politica-de-privacidad\/#breadcrumb"},"inLanguage":"es","potentialAction":[{"@type":"ReadAction","target":["https:\/\/westcoastemploymentlawyers.com\/es\/politica-de-privacidad\/"]}]},{"@type":"BreadcrumbList","@id":"https:\/\/westcoastemploymentlawyers.com\/es\/politica-de-privacidad\/#breadcrumb","itemListElement":[{"@type":"ListItem","position":1,"name":"Home","item":"https:\/\/westcoastemploymentlawyers.com\/es\/"},{"@type":"ListItem","position":2,"name":"Pol\u00edtica de privacidad"}]},{"@type":"WebSite","@id":"https:\/\/westcoastemploymentlawyers.com\/es\/#website","url":"https:\/\/westcoastemploymentlawyers.com\/es\/","name":"West Coast Employment Lawyers","description":"Ranked #1 Employment Law Firm in Los Angeles","publisher":{"@id":"https:\/\/westcoastemploymentlawyers.com\/es\/#organization"},"alternateName":"WCEL","potentialAction":[{"@type":"SearchAction","target":{"@type":"EntryPoint","urlTemplate":"https:\/\/westcoastemploymentlawyers.com\/es\/?s={search_term_string}"},"query-input":{"@type":"PropertyValueSpecification","valueRequired":true,"valueName":"search_term_string"}}],"inLanguage":"es"},{"@type":"Organization","@id":"https:\/\/westcoastemploymentlawyers.com\/es\/#organization","name":"West Coast Employment Lawyers","alternateName":"WCEL","url":"https:\/\/westcoastemploymentlawyers.com\/es\/","logo":{"@type":"ImageObject","inLanguage":"es","@id":"https:\/\/westcoastemploymentlawyers.com\/es\/#\/schema\/logo\/image\/","url":"https:\/\/westcoastemploymentlawyers.com\/wp-content\/uploads\/2026\/01\/logo-wcel.svg","contentUrl":"https:\/\/westcoastemploymentlawyers.com\/wp-content\/uploads\/2026\/01\/logo-wcel.svg","width":2149,"height":1191,"caption":"West Coast Employment Lawyers"},"image":{"@id":"https:\/\/westcoastemploymentlawyers.com\/es\/#\/schema\/logo\/image\/"},"sameAs":["https:\/\/www.facebook.com\/westcoastemploymentlawyers","https:\/\/x.com\/WestCoastTrial","https:\/\/www.yelp.com\/biz\/west-coast-employment-lawyers-los-angeles-2","https:\/\/www.instagram.com\/westcoastemploymentlawyer\/","https:\/\/www.youtube.com\/channel\/UCq1vPkTbMm61tWdRrLsygdw"],"description":"West Coast Employment Lawyers is a California employment law firm that represents workers in a wide range of labor and employment disputes, including wrongful termination, workplace discrimination, sexual harassment, retaliation, whistleblower claims, and wage and hour violations. The firm is committed to protecting employee rights, advocating for fair treatment in the workplace, and pursuing maximum compensation for individuals harmed by unlawful employment practices throughout California.","telephone":"866-540-6682","legalName":"West Coast Employment Lawyers","numberOfEmployees":{"@type":"QuantitativeValue","minValue":"51","maxValue":"200"}}]}},"_links":{"self":[{"href":"https:\/\/westcoastemploymentlawyers.com\/es\/wp-json\/wp\/v2\/pages\/10244","targetHints":{"allow":["GET"]}}],"collection":[{"href":"https:\/\/westcoastemploymentlawyers.com\/es\/wp-json\/wp\/v2\/pages"}],"about":[{"href":"https:\/\/westcoastemploymentlawyers.com\/es\/wp-json\/wp\/v2\/types\/page"}],"author":[{"embeddable":true,"href":"https:\/\/westcoastemploymentlawyers.com\/es\/wp-json\/wp\/v2\/users\/34"}],"replies":[{"embeddable":true,"href":"https:\/\/westcoastemploymentlawyers.com\/es\/wp-json\/wp\/v2\/comments?post=10244"}],"version-history":[{"count":3,"href":"https:\/\/westcoastemploymentlawyers.com\/es\/wp-json\/wp\/v2\/pages\/10244\/revisions"}],"predecessor-version":[{"id":45573,"href":"https:\/\/westcoastemploymentlawyers.com\/es\/wp-json\/wp\/v2\/pages\/10244\/revisions\/45573"}],"wp:attachment":[{"href":"https:\/\/westcoastemploymentlawyers.com\/es\/wp-json\/wp\/v2\/media?parent=10244"}],"curies":[{"name":"wp","href":"https:\/\/api.w.org\/{rel}","templated":true}]}}